{"id":28,"date":"2021-09-02T13:58:59","date_gmt":"2021-09-02T10:58:59","guid":{"rendered":"https:\/\/www.nordicrpg.fi\/store\/?post_type=product&#038;p=28"},"modified":"2021-09-17T14:56:19","modified_gmt":"2021-09-17T11:56:19","slug":"unelma-keltaisesta-kuninkaasta","status":"publish","type":"product","link":"https:\/\/www.nordicrpg.fi\/store\/tuote\/unelma-keltaisesta-kuninkaasta\/","title":{"rendered":"Unelma Keltaisesta kuninkaasta"},"content":{"rendered":"<p><em>T\u00e4m\u00e4 tuote on fyysinen kirja!<\/em><\/p>\n<p>Jumalten hallitsema fantasiamaailma murenee, mutta onko se v\u00e4ltt\u00e4m\u00e4tt\u00e4 paha asia? Millaista on olla ylipainoinen nyky-yhteiskunnassa? Mik\u00e4 on se kammottava asia, joka tapahtuu ty\u00f6kaluvajassa?<\/p>\n<p>Tanskalaisen roolipelitapahtuma Fastavalin kilpailusarjan pelej\u00e4 on usein luonnehdittu maailman parhaiksi lyhyiksi roolipeleiksi. Pieni\u00e4 poikkeuksia lukuunottamatta niiden pelaaminen on kuitenkin j\u00e4\u00e4nyt tanskantaitoisten riemuksi.<\/p>\n<p>Teoksen\u00a0<em>Unelma Keltaisesta kuninkaasta ja muita tanskalaisia roolipelej\u00e4<\/em>\u00a0my\u00f6t\u00e4 Fastavalin kilpailusarjan kovimmat voittajat ja parhaat pelit julkaistaan nyt ensimm\u00e4ist\u00e4 kertaa kirjana, ja viel\u00e4p\u00e4 suomen kielell\u00e4.<\/p>\n<p>Pelej\u00e4 on yhteens\u00e4 kaksitoista, fantasiasta realismiin ja kepe\u00e4st\u00e4 iloittelusta kauhuun.<\/p>\n<p>Sivum\u00e4\u00e4r\u00e4:\u00a0<strong>490<\/strong><\/p>\n<p>Kovat kannet, kokonaan v\u00e4reiss\u00e4<\/p>\n<p>Julkaisup\u00e4iv\u00e4:\u00a0<strong>29.7.2011<\/strong><\/p>\n<h2><a href=\"http:\/\/www.nordicrpg.fi\/julkaisut\/unelma-keltaisesta-kuninkaasta\/\">Lue lis\u00e4\u00e4<\/a><\/h2>\n","protected":false},"excerpt":{"rendered":"<p>T\u00e4m\u00e4 tuote on fyysinen kirja! Jumalten hallitsema fantasiamaailma murenee, mutta onko se v\u00e4ltt\u00e4m\u00e4tt\u00e4 paha asia? Millaista on olla ylipainoinen nyky-yhteiskunnassa? Mik\u00e4 on se kammottava asia, joka tapahtuu ty\u00f6kaluvajassa? Tanskalaisen roolipelitapahtuma Fastavalin kilpailusarjan pelej\u00e4 on usein luonnehdittu maailman parhaiksi lyhyiksi roolipeleiksi. Pieni\u00e4 poikkeuksia lukuunottamatta niiden pelaaminen on kuitenkin j\u00e4\u00e4nyt tanskantaitoisten riemuksi. Teoksen\u00a0Unelma Keltaisesta kuninkaasta ja muita [&hellip;]<\/p>\n","protected":false},"featured_media":62,"comment_status":"open","ping_status":"closed","template":"","meta":[],"product_brand":[],"product_cat":[15],"product_tag":[],"class_list":{"0":"post-28","1":"product","2":"type-product","3":"status-publish","4":"has-post-thumbnail","6":"product_cat-yleinen","8":"first","9":"instock","10":"shipping-taxable","11":"purchasable","12":"product-type-simple"},"jetpack_sharing_enabled":true,"_links":{"self":[{"href":"https:\/\/www.nordicrpg.fi\/store\/wp-json\/wp\/v2\/product\/28","targetHints":{"allow":["GET"]}}],"collection":[{"href":"https:\/\/www.nordicrpg.fi\/store\/wp-json\/wp\/v2\/product"}],"about":[{"href":"https:\/\/www.nordicrpg.fi\/store\/wp-json\/wp\/v2\/types\/product"}],"replies":[{"embeddable":true,"href":"https:\/\/www.nordicrpg.fi\/store\/wp-json\/wp\/v2\/comments?post=28"}],"wp:featuredmedia":[{"embeddable":true,"href":"https:\/\/www.nordicrpg.fi\/store\/wp-json\/wp\/v2\/media\/62"}],"wp:attachment":[{"href":"https:\/\/www.nordicrpg.fi\/store\/wp-json\/wp\/v2\/media?parent=28"}],"wp:term":[{"taxonomy":"product_brand","embeddable":true,"href":"https:\/\/www.nordicrpg.fi\/store\/wp-json\/wp\/v2\/product_brand?post=28"},{"taxonomy":"product_cat","embeddable":true,"href":"https:\/\/www.nordicrpg.fi\/store\/wp-json\/wp\/v2\/product_cat?post=28"},{"taxonomy":"product_tag","embeddable":true,"href":"https:\/\/www.nordicrpg.fi\/store\/wp-json\/wp\/v2\/product_tag?post=28"}],"curies":[{"name":"wp","href":"https:\/\/api.w.org\/{rel}","templated":true}]}}