{"id":29,"date":"2021-09-02T13:59:13","date_gmt":"2021-09-02T10:59:13","guid":{"rendered":"https:\/\/www.nordicrpg.fi\/store\/?post_type=product&#038;p=29"},"modified":"2024-10-14T17:51:55","modified_gmt":"2024-10-14T14:51:55","slug":"ikuisuuden-laakso","status":"publish","type":"product","link":"https:\/\/www.nordicrpg.fi\/store\/tuote\/ikuisuuden-laakso\/","title":{"rendered":"Ikuisuuden laakso"},"content":{"rendered":"<p><em>T\u00e4m\u00e4 tuote on fyysinen kirja!<\/em><\/p>\n<p>Ikuisuuden laakso on paikka, jonne pingviinit tulevat kuolemaan. Etel\u00e4mantereen loputon j\u00e4\u00e4tikk\u00f6 on armoton vihollinen. Siell\u00e4 selvi\u00e4v\u00e4t vain rohkeimmat pingviinisankarit ja katalimmat antipingviinit.<\/p>\n<p>Pingviinisankari el\u00e4\u00e4 el\u00e4m\u00e4ns\u00e4 yksin. H\u00e4n on n\u00e4hnyt asioita, joita tavallinen pingviini ei osaa edes kuvitella. H\u00e4nen kohtalonsa on kuolla heimonsa hylk\u00e4\u00e4m\u00e4n\u00e4. Antipingviini el\u00e4\u00e4 j\u00e4\u00e4tik\u00f6n syleilyss\u00e4, mutta niin kauan kun h\u00e4nen sis\u00e4ll\u00e4\u00e4n virtaa l\u00e4mmin veri, h\u00e4n ei koskaan voi olla j\u00e4\u00e4tik\u00f6n kanssa yht\u00e4.<\/p>\n<p><em>Ikuisuuden laakso<\/em>\u00a0on roolipeli sankaruudesta ja hinnasta, jonka siit\u00e4 joutuu maksamaan. Se sis\u00e4lt\u00e4\u00e4 hurjia taisteluita, seikkailua ja vaikeita filosofisia valintoja.<\/p>\n<p>J\u00e4\u00e4tikk\u00f6 voittaa aina.<\/p>\n<p>Sivum\u00e4\u00e4r\u00e4:\u00a0<strong>68<\/strong><\/p>\n<p>Hinta:\u00a0<strong>10 \u20ac<\/strong><\/p>\n<p>Julkaisup\u00e4iv\u00e4:\u00a0<strong>31.7.2009<\/strong><\/p>\n<h2><a href=\"http:\/\/www.nordicrpg.fi\/julkaisut\/ikuisuuden-laakso\/\">Lue lis\u00e4\u00e4<\/a><\/h2>\n","protected":false},"excerpt":{"rendered":"<p>T\u00e4m\u00e4 tuote on fyysinen kirja! Ikuisuuden laakso on paikka, jonne pingviinit tulevat kuolemaan. Etel\u00e4mantereen loputon j\u00e4\u00e4tikk\u00f6 on armoton vihollinen. Siell\u00e4 selvi\u00e4v\u00e4t vain rohkeimmat pingviinisankarit ja katalimmat antipingviinit. Pingviinisankari el\u00e4\u00e4 el\u00e4m\u00e4ns\u00e4 yksin. H\u00e4n on n\u00e4hnyt asioita, joita tavallinen pingviini ei osaa edes kuvitella. H\u00e4nen kohtalonsa on kuolla heimonsa hylk\u00e4\u00e4m\u00e4n\u00e4. Antipingviini el\u00e4\u00e4 j\u00e4\u00e4tik\u00f6n syleilyss\u00e4, mutta niin kauan [&hellip;]<\/p>\n","protected":false},"featured_media":59,"comment_status":"open","ping_status":"closed","template":"","meta":[],"product_brand":[],"product_cat":[15],"product_tag":[],"class_list":{"0":"post-29","1":"product","2":"type-product","3":"status-publish","4":"has-post-thumbnail","6":"product_cat-yleinen","8":"first","9":"outofstock","10":"shipping-taxable","11":"purchasable","12":"product-type-simple"},"jetpack_sharing_enabled":true,"_links":{"self":[{"href":"https:\/\/www.nordicrpg.fi\/store\/wp-json\/wp\/v2\/product\/29","targetHints":{"allow":["GET"]}}],"collection":[{"href":"https:\/\/www.nordicrpg.fi\/store\/wp-json\/wp\/v2\/product"}],"about":[{"href":"https:\/\/www.nordicrpg.fi\/store\/wp-json\/wp\/v2\/types\/product"}],"replies":[{"embeddable":true,"href":"https:\/\/www.nordicrpg.fi\/store\/wp-json\/wp\/v2\/comments?post=29"}],"wp:featuredmedia":[{"embeddable":true,"href":"https:\/\/www.nordicrpg.fi\/store\/wp-json\/wp\/v2\/media\/59"}],"wp:attachment":[{"href":"https:\/\/www.nordicrpg.fi\/store\/wp-json\/wp\/v2\/media?parent=29"}],"wp:term":[{"taxonomy":"product_brand","embeddable":true,"href":"https:\/\/www.nordicrpg.fi\/store\/wp-json\/wp\/v2\/product_brand?post=29"},{"taxonomy":"product_cat","embeddable":true,"href":"https:\/\/www.nordicrpg.fi\/store\/wp-json\/wp\/v2\/product_cat?post=29"},{"taxonomy":"product_tag","embeddable":true,"href":"https:\/\/www.nordicrpg.fi\/store\/wp-json\/wp\/v2\/product_tag?post=29"}],"curies":[{"name":"wp","href":"https:\/\/api.w.org\/{rel}","templated":true}]}}