{"id":30,"date":"2021-09-02T13:59:26","date_gmt":"2021-09-02T10:59:26","guid":{"rendered":"https:\/\/www.nordicrpg.fi\/store\/?post_type=product&#038;p=30"},"modified":"2024-08-01T00:01:54","modified_gmt":"2024-07-31T21:01:54","slug":"itran-kaupunki","status":"publish","type":"product","link":"https:\/\/www.nordicrpg.fi\/store\/tuote\/itran-kaupunki\/","title":{"rendered":"Itran kaupunki"},"content":{"rendered":"<p><em>T\u00e4m\u00e4 tuote on fyysinen kirja!<\/em><\/p>\n<p>20-luvun kaupunki, jota ei ole koskaan ollut olemassa. Alkoholisoitunut yksityisetsiv\u00e4, holkissa tupakkaa polttava naimaton nainen. Surrealismia ja unelmia, joiden kukaan ei halua muuttuvan todeksi.<\/p>\n<p><em>Itran kaupunki\u00a0<\/em>on alkujaan norjalainen roolipeli. Se on ensimm\u00e4inen peli, joka on k\u00e4\u00e4nnetty suomeksi jostain muusta kielest\u00e4 kuin englannista. Peli sekoittaa unikuvia ja ihmeellisi\u00e4 seikkailuja kaupungissa, jossa futuristit, churchilliaanit ja marmorindit vaikuttavat.<\/p>\n<p>Mit\u00e4 on Kuutornissa? Mink\u00e4lainen on herra Mogensin hirvi\u00f6? Miten sapelihammastiikeri on joutunut el\u00e4intarhaan? Milloin juhlat loppuvat Perjantaikadulla?<\/p>\n<p><em>Itran kaupungissa<\/em>\u00a0roolipelaajan alitajunta p\u00e4\u00e4see valloilleen.<\/p>\n<p>Sivum\u00e4\u00e4r\u00e4:\u00a0<strong>134<\/strong><\/p>\n<p>Hinta:\u00a0<strong>20 \u20ac<\/strong><\/p>\n<p>Julkaisup\u00e4iv\u00e4:\u00a0<strong>31.7.2009<\/strong><\/p>\n<h2><a href=\"http:\/\/www.nordicrpg.fi\/julkaisut\/itran-kaupunki-2\/\">Lue lis\u00e4\u00e4<\/a><\/h2>\n","protected":false},"excerpt":{"rendered":"<p>T\u00e4m\u00e4 tuote on fyysinen kirja! 20-luvun kaupunki, jota ei ole koskaan ollut olemassa. Alkoholisoitunut yksityisetsiv\u00e4, holkissa tupakkaa polttava naimaton nainen. Surrealismia ja unelmia, joiden kukaan ei halua muuttuvan todeksi. Itran kaupunki\u00a0on alkujaan norjalainen roolipeli. Se on ensimm\u00e4inen peli, joka on k\u00e4\u00e4nnetty suomeksi jostain muusta kielest\u00e4 kuin englannista. Peli sekoittaa unikuvia ja ihmeellisi\u00e4 seikkailuja kaupungissa, jossa [&hellip;]<\/p>\n","protected":false},"featured_media":60,"comment_status":"open","ping_status":"closed","template":"","meta":[],"product_brand":[],"product_cat":[15],"product_tag":[],"class_list":{"0":"post-30","1":"product","2":"type-product","3":"status-publish","4":"has-post-thumbnail","6":"product_cat-yleinen","8":"first","9":"instock","10":"shipping-taxable","11":"purchasable","12":"product-type-simple"},"jetpack_sharing_enabled":true,"_links":{"self":[{"href":"https:\/\/www.nordicrpg.fi\/store\/wp-json\/wp\/v2\/product\/30","targetHints":{"allow":["GET"]}}],"collection":[{"href":"https:\/\/www.nordicrpg.fi\/store\/wp-json\/wp\/v2\/product"}],"about":[{"href":"https:\/\/www.nordicrpg.fi\/store\/wp-json\/wp\/v2\/types\/product"}],"replies":[{"embeddable":true,"href":"https:\/\/www.nordicrpg.fi\/store\/wp-json\/wp\/v2\/comments?post=30"}],"wp:featuredmedia":[{"embeddable":true,"href":"https:\/\/www.nordicrpg.fi\/store\/wp-json\/wp\/v2\/media\/60"}],"wp:attachment":[{"href":"https:\/\/www.nordicrpg.fi\/store\/wp-json\/wp\/v2\/media?parent=30"}],"wp:term":[{"taxonomy":"product_brand","embeddable":true,"href":"https:\/\/www.nordicrpg.fi\/store\/wp-json\/wp\/v2\/product_brand?post=30"},{"taxonomy":"product_cat","embeddable":true,"href":"https:\/\/www.nordicrpg.fi\/store\/wp-json\/wp\/v2\/product_cat?post=30"},{"taxonomy":"product_tag","embeddable":true,"href":"https:\/\/www.nordicrpg.fi\/store\/wp-json\/wp\/v2\/product_tag?post=30"}],"curies":[{"name":"wp","href":"https:\/\/api.w.org\/{rel}","templated":true}]}}